{"id":1116,"date":"2022-05-03T16:41:22","date_gmt":"2022-05-03T14:41:22","guid":{"rendered":"https:\/\/lacordee74.fr\/?page_id=1116"},"modified":"2025-04-02T19:52:20","modified_gmt":"2025-04-02T17:52:20","slug":"nos-tarifs","status":"publish","type":"page","link":"https:\/\/lacordee74.fr\/?page_id=1116","title":{"rendered":"Nos tarifs"},"content":{"rendered":"<p>[vc_row full_width=\u00a0\u00bbstretch_row_content\u00a0\u00bb css_animation=\u00a0\u00bbfadeInDown\u00a0\u00bb css=\u00a0\u00bb.vc_custom_1585925726867{padding-top: 100px !important;padding-bottom: 100px !important;}\u00a0\u00bb el_class=\u00a0\u00bbabsolute-element\u00a0\u00bb][vc_column]<div id=\"ultimate-heading-717569ddf49b61e6e\" class=\"uvc-heading ult-adjust-bottom-margin ultimate-heading-717569ddf49b61e6e uvc-4675 \" data-hspacer=\"line_only\"  data-halign=\"center\" style=\"text-align:center\"><div class=\"uvc-heading-spacer line_only\" style=\"topheight:100px;\"><span class=\"uvc-headings-line\" style=\"border-style:solid;border-bottom-width:100px;border-color:;width:1px;\"><\/span><\/div><div class=\"uvc-main-heading ult-responsive\"  data-ultimate-target='.uvc-heading.ultimate-heading-717569ddf49b61e6e h2'  data-responsive-json-new='{\"font-size\":\"\",\"line-height\":\"\"}' ><h2 style=\"font-weight:normal;\">Tarifs en pension compl\u00e8te<\/h2><\/div><div class=\"uvc-sub-heading ult-responsive\"  data-ultimate-target='.uvc-heading.ultimate-heading-717569ddf49b61e6e .uvc-sub-heading '  data-responsive-json-new='{\"font-size\":\"\",\"line-height\":\"\"}'  style=\"font-weight:normal;\"><\/p>\n<p style=\"text-align: center;\">2026<\/p>\n<p><\/div><\/div>[\/vc_column][\/vc_row][vc_row equal_height=\u00a0\u00bbyes\u00a0\u00bb bg_type=\u00a0\u00bbbg_color\u00a0\u00bb bg_override=\u00a0\u00bbex-full\u00a0\u00bb css=\u00a0\u00bb.vc_custom_1591725527902{padding-bottom: 120px !important;}\u00a0\u00bb bg_color_value=\u00a0\u00bb#ffffff\u00a0\u00bb][vc_column][vc_column_text]<\/p>\n<table class=\"table-price\" border=\"0\" width=\"100%\" cellspacing=\"0\" cellpadding=\"0\">\n<thead>\n<tr>\n<td class=\"first\" width=\"150\"><span class=\"text-white\"><strong>P\u00e9riodes<\/strong><\/span><\/td>\n<td>\u00a0<strong>Tarifs en <strong>pension\u00a0\u00a0 <strong><strong><strong>compl\u00e8te<\/strong><\/strong><\/strong><\/strong><\/strong><\/td>\n<td><strong><strong>\u00a0<\/strong><\/strong><\/td>\n<td><strong>\u00a0\u00a0\u00a0\u00a0\u00a0\u00a0\u00a0\u00a0\u00a0\u00a0\u00a0\u00a0\u00a0\u00a0\u00a0\u00a0\u00a0\u00a0\u00a0\u00a0\u00a0\u00a0 <\/strong><\/td>\n<td class=\"last\"><\/td>\n<\/tr>\n<\/thead>\n<tbody>\n<tr>\n<td class=\"odd\"><\/td>\n<td>Classe de d\u00e9couvertes<\/td>\n<td>Coll\u00e8ge<\/td>\n<td>Lyc\u00e9e<\/td>\n<td>Centre de vacances (selon ages)<\/td>\n<\/tr>\n<tr class=\"odd\">\n<td>Janvier \u00e0 Avril<\/td>\n<td><strong>45 \u20ac<\/strong><\/td>\n<td><strong>47\u20ac<\/strong><\/td>\n<td><strong>49 \u20ac<\/strong><\/td>\n<td>\u00a0XX<\/td>\n<\/tr>\n<tr class=\"odd\">\n<td>Vacances d&rsquo;Hiver<\/td>\n<td>\u00a0XX<\/td>\n<td>\u00a0XX<\/td>\n<td>\u00a0XX<\/td>\n<td><strong>50 \u00e0 53 \u20ac<\/strong><\/td>\n<\/tr>\n<tr class=\"odd\">\n<td>Vacances scolaires de printemps<\/td>\n<td>\u00a0XX<\/td>\n<td><strong>\u00a0<\/strong>XX<\/td>\n<td>\u00a0XX<\/td>\n<td><strong>42 \u00e0 49 \u20ac<\/strong><\/td>\n<\/tr>\n<tr class=\"odd\">\n<td>Mai \u00e0 Septembre<\/td>\n<td><strong>42 \u20ac<\/strong><\/td>\n<td><strong>44 \u20ac<\/strong><\/td>\n<td><strong>46 \u20ac<\/strong><\/td>\n<td>\u00a0XX<\/td>\n<\/tr>\n<tr class=\"odd\">\n<td>Vacances d\u2019\u00e9t\u00e9<\/td>\n<td>\u00a0XX<\/td>\n<td>\u00a0XX<\/td>\n<td>\u00a0XX<\/td>\n<td>XX<\/td>\n<\/tr>\n<tr class=\"odd\">\n<td>Vacances de Toussaint<\/td>\n<td>\u00a0XX<\/td>\n<td>\u00a0XX<\/td>\n<td>XX<\/td>\n<td>XX<\/td>\n<\/tr>\n<tr class=\"odd\">\n<td>Octobre \u00e0 D\u00e9cembre<\/td>\n<td><strong>45 \u20ac<\/strong><\/td>\n<td><strong>47 \u20ac<\/strong><\/td>\n<td><strong>\u00a049 \u20ac<\/strong><\/td>\n<td>\u00a0XX<\/td>\n<\/tr>\n<tr class=\"odd\">\n<td>Vacances de No\u00ebl<\/td>\n<td>\u00a0XX<\/td>\n<td>\u00a0XX<\/td>\n<td>\u00a0XX<\/td>\n<td><strong>50 \u00e0 53 \u20ac<\/strong><\/td>\n<\/tr>\n<\/tbody>\n<\/table>\n<p>&nbsp;<\/p>\n<p><strong>GROUPE DIVERS:<\/strong><\/p>\n<table class=\"table-price\" border=\"0\" width=\"100%\" cellspacing=\"0\" cellpadding=\"0\">\n<thead>\n<tr>\n<td class=\"first\" width=\"150\"><span class=\"text-white\"><strong>P\u00e9riodes<\/strong><\/span><\/td>\n<td><strong>Tarifs en <strong>pension <strong><strong><strong>compl\u00e8te (Adultes\/familles)<\/strong><\/strong><\/strong><\/strong><\/strong><\/td>\n<td><\/td>\n<td><\/td>\n<td class=\"last\"><\/td>\n<\/tr>\n<\/thead>\n<tbody>\n<tr>\n<td class=\"odd\"><\/td>\n<td>Adultes<\/td>\n<td>Enfants 8\/13 ans<\/td>\n<td>\u00a0 Enfants 3\/7 ans<\/td>\n<td>\u00a0Enfants &#8211; 3 ans<\/td>\n<\/tr>\n<tr class=\"odd\">\n<td>Janvier \u00e0 Avril<\/td>\n<td><strong>66 \u20ac<\/strong><\/td>\n<td><strong>50 \u20ac<\/strong><\/td>\n<td><strong>42 \u20ac<\/strong><\/td>\n<td><strong>GRATUIT<\/strong><\/td>\n<\/tr>\n<tr class=\"odd\">\n<td>Vacances d&rsquo;Hiver<\/td>\n<td><strong> XX<\/strong><\/td>\n<td>XX<\/td>\n<td>XX<\/td>\n<td><strong>GRATUIT<\/strong><\/td>\n<\/tr>\n<tr class=\"odd\">\n<td>Vacances scolaires de printemps<\/td>\n<td><strong>66 \u20ac<\/strong><\/td>\n<td><strong>50 \u20ac<\/strong><\/td>\n<td><strong>42 \u20ac<\/strong><\/td>\n<td><strong>GRATUIT<\/strong><\/td>\n<\/tr>\n<tr class=\"odd\">\n<td>Mai \u00e0 Septembre<\/td>\n<td><strong>66 \u20ac<\/strong><\/td>\n<td><strong>50\u00a0 \u20ac<\/strong><\/td>\n<td><strong>42 \u20ac<\/strong><\/td>\n<td><strong>GRATUIT<\/strong><\/td>\n<\/tr>\n<tr class=\"odd\">\n<td>Vacances d\u2019\u00e9t\u00e9<\/td>\n<td>XX<\/td>\n<td>XX<\/td>\n<td>XX<\/td>\n<td><strong>GRATUIT<\/strong><\/td>\n<\/tr>\n<tr class=\"odd\">\n<td>Vacances de Toussaint<\/td>\n<td><strong>66 \u20ac<\/strong><\/td>\n<td><strong>50 \u20ac<\/strong><\/td>\n<td><strong>42 \u20ac<\/strong><\/td>\n<td><strong>GRATUIT<\/strong><\/td>\n<\/tr>\n<tr class=\"odd\">\n<td>Octobre \u00e0 D\u00e9cembre<\/td>\n<td><strong>66 \u20ac<\/strong><\/td>\n<td><strong><strong>50 \u20ac<\/strong><\/strong><\/td>\n<td><strong>42 \u20ac<\/strong><\/td>\n<td><strong>GRATUIT<\/strong><\/td>\n<\/tr>\n<tr class=\"odd\">\n<td>Vacances de No\u00ebl<\/td>\n<td><strong>66 \u20ac<\/strong><\/td>\n<td><strong>50 \u20ac<\/strong><\/td>\n<td><strong>42 \u20ac<\/strong><\/td>\n<td><strong>GRATUIT<\/strong><\/td>\n<\/tr>\n<\/tbody>\n<\/table>\n<p>[\/vc_column_text][vc_empty_space height=\u00a0\u00bb80px\u00a0\u00bb][\/vc_column][\/vc_row][vc_row equal_height=\u00a0\u00bbyes\u00a0\u00bb bg_type=\u00a0\u00bbbg_color\u00a0\u00bb bg_override=\u00a0\u00bbex-full\u00a0\u00bb css=\u00a0\u00bb.vc_custom_1591725527902{padding-bottom: 120px !important;}\u00a0\u00bb bg_color_value=\u00a0\u00bb#ffffff\u00a0\u00bb][vc_column][vc_empty_space height=\u00a0\u00bb80px\u00a0\u00bb]<div id=\"ultimate-heading-716269ddf49b61e9f\" class=\"uvc-heading ult-adjust-bottom-margin ultimate-heading-716269ddf49b61e9f uvc-9656 \" data-hspacer=\"line_only\"  data-halign=\"center\" style=\"text-align:center\"><div class=\"uvc-heading-spacer line_only\" style=\"topheight:100px;\"><span class=\"uvc-headings-line\" style=\"border-style:solid;border-bottom-width:100px;border-color:;width:1px;\"><\/span><\/div><div class=\"uvc-main-heading ult-responsive\"  data-ultimate-target='.uvc-heading.ultimate-heading-716269ddf49b61e9f h2'  data-responsive-json-new='{\"font-size\":\"\",\"line-height\":\"\"}' ><h2 style=\"font-weight:normal;\">Tarifs en 1\/2 pension<\/h2><\/div><div class=\"uvc-sub-heading ult-responsive\"  data-ultimate-target='.uvc-heading.ultimate-heading-716269ddf49b61e9f .uvc-sub-heading '  data-responsive-json-new='{\"font-size\":\"\",\"line-height\":\"\"}'  style=\"font-weight:normal;\"><\/p>\n<p style=\"text-align: center;\">2026<\/p>\n<p><\/div><\/div>[vc_empty_space height=\u00a0\u00bb40px\u00a0\u00bb][vc_column_text]<\/p>\n<table class=\"table-price\" border=\"0\" width=\"100%\" cellspacing=\"0\" cellpadding=\"0\">\n<thead>\n<tr>\n<td class=\"first\" width=\"150\"><span class=\"text-white\"><strong>P\u00e9riodes<\/strong><\/span><\/td>\n<td><strong>Tarifs en 1\/2 <strong>pension (Adultes\/familles)<br \/>\n<\/strong><\/strong><\/td>\n<td><\/td>\n<td><\/td>\n<td class=\"last\"><\/td>\n<\/tr>\n<\/thead>\n<tbody>\n<tr>\n<td class=\"odd\"><\/td>\n<td>Adultes<\/td>\n<td>Enfants 8\/13 ans<\/td>\n<td>Enfants 3\/7 ans<\/td>\n<td>Enfants &#8211; 3 ans<\/td>\n<\/tr>\n<tr class=\"odd\">\n<td>Janvier \u00e0 Avril<\/td>\n<td><strong>56 \u20ac<\/strong><\/td>\n<td><strong>40 \u20ac<\/strong><\/td>\n<td><strong><strong>32 \u20ac<\/strong><br \/>\n<\/strong><\/td>\n<td><strong>GRATUIT<\/strong><\/td>\n<\/tr>\n<tr class=\"odd\">\n<td>Vacances d&rsquo;Hiver<\/td>\n<td><strong>56 \u20ac<\/strong><\/td>\n<td><strong>40 \u20ac<\/strong><\/td>\n<td><strong>32 \u20ac<\/strong><\/td>\n<td><strong><strong>GRATUIT<\/strong><\/strong><\/td>\n<\/tr>\n<tr class=\"odd\">\n<td>Vacances scolaires de printemps<\/td>\n<td><strong>56 \u20ac<\/strong><\/td>\n<td><strong>40 \u20ac<\/strong><\/td>\n<td><strong>32 \u20ac<\/strong><\/td>\n<td><strong><strong>GRATUIT<\/strong><\/strong><\/td>\n<\/tr>\n<tr class=\"odd\">\n<td>Mai \u00e0 Septembre<\/td>\n<td><strong>56 \u20ac<\/strong><\/td>\n<td><strong><strong>40 \u20ac<\/strong><\/strong><\/td>\n<td><strong><strong>32 \u20ac<\/strong><\/strong><\/td>\n<td><strong>GRATUIT<\/strong><\/td>\n<\/tr>\n<tr class=\"odd\">\n<td>Vacances d\u2019\u00e9t\u00e9<\/td>\n<td>XX<\/td>\n<td>XX<\/td>\n<td>XX<\/td>\n<td>XX<\/td>\n<\/tr>\n<tr class=\"odd\">\n<td>Vacances de Toussaint<\/td>\n<td><strong>56 \u20ac<\/strong><\/td>\n<td><strong>40 \u20ac<\/strong><\/td>\n<td><strong>32 \u20ac<\/strong><\/td>\n<td><strong><strong>GRATUIT<\/strong><\/strong><\/td>\n<\/tr>\n<tr class=\"odd\">\n<td>Octobre \u00e0 D\u00e9cembre<\/td>\n<td><strong>56 \u20ac<\/strong><\/td>\n<td><strong><strong>40 \u20ac<\/strong><\/strong><\/td>\n<td><strong>32 \u20ac<\/strong><\/td>\n<td><strong>GRATUIT<\/strong><\/td>\n<\/tr>\n<tr class=\"odd\">\n<td>Vacances de No\u00ebl<\/td>\n<td><strong>56 \u20ac<\/strong><\/td>\n<td><strong>40 \u20ac<\/strong><\/td>\n<td><strong>32 \u20ac<\/strong><\/td>\n<td><strong><strong>GRATUIT<\/strong><\/strong><\/td>\n<\/tr>\n<\/tbody>\n<\/table>\n<p>&nbsp;<\/p>\n<h4>TARIFS EN NUIT\u00c9E<\/h4>\n<table class=\"table-price\" border=\"0\" width=\"100%\" cellspacing=\"0\" cellpadding=\"0\">\n<thead>\n<tr>\n<td class=\"first\" width=\"150\"><span class=\"text-white\"><strong>P\u00e9riodes<\/strong><\/span><\/td>\n<td><strong>Tarifs en <strong>NUIT\u00c9ES<\/strong><\/strong><\/td>\n<td><\/td>\n<td><\/td>\n<td class=\"last\"><\/td>\n<\/tr>\n<\/thead>\n<tbody>\n<tr>\n<td class=\"odd\"><\/td>\n<td>Adultes<\/td>\n<td>Enfants 8\/13 ans<\/td>\n<td>Enfants 3\/7 ans<\/td>\n<td>Enfants &#8211; 3 ans<\/td>\n<\/tr>\n<tr class=\"odd\">\n<td>TOUTES P\u00c9RIODES<\/td>\n<td><strong>31,50 \u20ac<\/strong><\/td>\n<td><strong>27 \u20ac<\/strong><\/td>\n<td><strong><strong>26 \u20ac<\/strong><br \/>\n<\/strong><\/td>\n<td><strong>\u00a0GRATUIT<\/strong><\/td>\n<\/tr>\n<\/tbody>\n<\/table>\n<p>&nbsp;<\/p>\n<h4>TARIFS PETIT D\u00c9JEUNER<\/h4>\n<table class=\"table-price\" border=\"0\" width=\"100%\" cellspacing=\"0\" cellpadding=\"0\">\n<thead>\n<tr>\n<td class=\"first\" width=\"150\"><span class=\"text-white\"><strong>P\u00e9riodes<\/strong><\/span><\/td>\n<td><strong>Tarifs petit d\u00e9jeuner<\/strong><\/td>\n<td><\/td>\n<td><\/td>\n<td class=\"last\"><\/td>\n<\/tr>\n<\/thead>\n<tbody>\n<tr>\n<td class=\"odd\"><\/td>\n<td>Adultes<\/td>\n<td>Enfants 8\/13 ans<\/td>\n<td>Enfants 3\/7 ans<\/td>\n<td>Enfants &#8211; 3 ans<\/td>\n<\/tr>\n<tr class=\"odd\">\n<td>TOUTES P\u00c9RIODES<\/td>\n<td><strong>8,50 \u20ac<\/strong><\/td>\n<td><strong>8,50 \u20ac<\/strong><\/td>\n<td><strong><strong>6 \u20ac<\/strong><br \/>\n<\/strong><\/td>\n<td><strong>GRATUIT<\/strong><\/td>\n<\/tr>\n<\/tbody>\n<\/table>\n<p>[\/vc_column_text][vc_empty_space height=\u00a0\u00bb30px\u00a0\u00bb][\/vc_column][\/vc_row][vc_row full_width=\u00a0\u00bbstretch_row_content\u00a0\u00bb css_animation=\u00a0\u00bbfadeInDown\u00a0\u00bb css=\u00a0\u00bb.vc_custom_1585822476300{padding-top: 80px !important;}\u00a0\u00bb el_class=\u00a0\u00bbabsolute-element\u00a0\u00bb][vc_column]<div id=\"ultimate-heading-275369ddf49b61ebb\" class=\"uvc-heading ult-adjust-bottom-margin ultimate-heading-275369ddf49b61ebb uvc-7644 \" data-hspacer=\"line_only\"  data-halign=\"center\" style=\"text-align:center\"><div class=\"uvc-heading-spacer line_only\" style=\"topheight:100px;\"><span class=\"uvc-headings-line\" style=\"border-style:solid;border-bottom-width:100px;border-color:__USE_THEME_MAIN_COLOR__;width:1px;\"><\/span><\/div><\/div>[\/vc_column][\/vc_row][vc_row bg_type=\u00a0\u00bbbg_color\u00a0\u00bb bg_override=\u00a0\u00bbex-full\u00a0\u00bb css=\u00a0\u00bb.vc_custom_1585822486720{padding-top: 80px !important;padding-bottom: 80px !important;}\u00a0\u00bb bg_color_value=\u00a0\u00bb#ffffff\u00a0\u00bb][vc_column][vc_custom_heading text=\u00a0\u00bbTOUTES SAISONS, TOUTE L\u2019ANN\u00c9E &#8230;UN SEUL LIEU\u00a0\u00bb font_container=\u00a0\u00bbtag:h3|text_align:center|line_height:1.3em\u00a0\u00bb use_theme_fonts=\u00a0\u00bbyes\u00a0\u00bb][vc_custom_heading text=\u00a0\u00bbVenez en groupe.\u00a0\u00bb font_container=\u00a0\u00bbtag:p|font_size:20px|text_align:center\u00a0\u00bb use_theme_fonts=\u00a0\u00bbyes\u00a0\u00bb][vc_btn title=\u00a0\u00bbDES RENSEIGNEMENTS ?\u00a0\u00bb style=\u00a0\u00bboutline-custom\u00a0\u00bb outline_custom_color=\u00a0\u00bb__USE_THEME_MAIN_COLOR__\u00a0\u00bb outline_custom_hover_background=\u00a0\u00bb__USE_THEME_MAIN_COLOR__\u00a0\u00bb outline_custom_hover_text=\u00a0\u00bb#ffffff\u00a0\u00bb shape=\u00a0\u00bbsquare\u00a0\u00bb size=\u00a0\u00bbsm\u00a0\u00bb align=\u00a0\u00bbcenter\u00a0\u00bb css_animation=\u00a0\u00bbbottom-to-top\u00a0\u00bb link=\u00a0\u00bburl:https%3A%2F%2Flacordee74.fr%2F%3Fpage_id%3D489&Prime;][\/vc_column][\/vc_row]<\/p>\n","protected":false},"excerpt":{"rendered":"<p>[vc_row full_width=\u00a0\u00bbstretch_row_content\u00a0\u00bb css_animation=\u00a0\u00bbfadeInDown\u00a0\u00bb css=\u00a0\u00bb.vc_custom_1585925726867{padding-top: 100px !important;padding-bottom: 100px !important;}\u00a0\u00bb el_class=\u00a0\u00bbabsolute-element\u00a0\u00bb][vc_column][\/vc_column][\/vc_row][vc_row equal_height=\u00a0\u00bbyes\u00a0\u00bb bg_type=\u00a0\u00bbbg_color\u00a0\u00bb bg_override=\u00a0\u00bbex-full\u00a0\u00bb css=\u00a0\u00bb.vc_custom_1591725527902{padding-bottom: 120px !important;}\u00a0\u00bb bg_color_value=\u00a0\u00bb#ffffff\u00a0\u00bb][vc_column][vc_column_text] P\u00e9riodes \u00a0Tarifs en pension\u00a0\u00a0 compl\u00e8te \u00a0 \u00a0\u00a0\u00a0\u00a0\u00a0\u00a0\u00a0\u00a0\u00a0\u00a0\u00a0\u00a0\u00a0\u00a0\u00a0\u00a0\u00a0\u00a0\u00a0\u00a0\u00a0\u00a0 Classe de d\u00e9couvertes Coll\u00e8ge Lyc\u00e9e Centre de vacances (selon ages) Janvier \u00e0 Avril 45 \u20ac 47\u20ac 49 \u20ac \u00a0XX Vacances d&rsquo;Hiver \u00a0XX \u00a0XX \u00a0XX 50 \u00e0 53 \u20ac Vacances scolaires de printemps [&hellip;]<\/p>\n","protected":false},"author":1,"featured_media":0,"parent":0,"menu_order":0,"comment_status":"closed","ping_status":"closed","template":"page.php","meta":[],"_links":{"self":[{"href":"https:\/\/lacordee74.fr\/index.php?rest_route=\/wp\/v2\/pages\/1116"}],"collection":[{"href":"https:\/\/lacordee74.fr\/index.php?rest_route=\/wp\/v2\/pages"}],"about":[{"href":"https:\/\/lacordee74.fr\/index.php?rest_route=\/wp\/v2\/types\/page"}],"author":[{"embeddable":true,"href":"https:\/\/lacordee74.fr\/index.php?rest_route=\/wp\/v2\/users\/1"}],"replies":[{"embeddable":true,"href":"https:\/\/lacordee74.fr\/index.php?rest_route=%2Fwp%2Fv2%2Fcomments&post=1116"}],"version-history":[{"count":30,"href":"https:\/\/lacordee74.fr\/index.php?rest_route=\/wp\/v2\/pages\/1116\/revisions"}],"predecessor-version":[{"id":1584,"href":"https:\/\/lacordee74.fr\/index.php?rest_route=\/wp\/v2\/pages\/1116\/revisions\/1584"}],"wp:attachment":[{"href":"https:\/\/lacordee74.fr\/index.php?rest_route=%2Fwp%2Fv2%2Fmedia&parent=1116"}],"curies":[{"name":"wp","href":"https:\/\/api.w.org\/{rel}","templated":true}]}}